{"id":2411,"date":"2020-08-05T18:56:15","date_gmt":"2020-08-05T16:56:15","guid":{"rendered":"https:\/\/www.liquiddirectorclub.com\/ginguide\/?page_id=2411"},"modified":"2023-11-20T17:36:10","modified_gmt":"2023-11-20T16:36:10","slug":"jobs","status":"publish","type":"page","link":"https:\/\/www.liquiddirectorclub.com\/ginguide\/jobs\/","title":{"rendered":"Jobs"},"content":{"rendered":"\n<div class=\"message-box relative dark\" style=\"padding-top:73px;padding-bottom:73px;\"><div class=\"message-box-bg-image bg-fill fill\" style=\"background-image:url(https:\/\/www.liquiddirectorclub.com\/ginguide\/wp-content\/uploads\/sites\/5\/2019\/03\/gin-abo-de.jpg);\"><\/div><div class=\"message-box-bg-overlay bg-fill fill\" ><\/div><div class=\"container relative\"><div class=\"inner last-reset\">\n\n<div class=\"row align-middle align-center\"  id=\"row-357914419\">\n\n<div class=\"col medium-9 small-12 large-9\"  ><div class=\"col-inner\"  >\n\n<h1>JOBS<\/h1>\n\n<\/div><\/div>\n\n\n<style scope=\"scope\">\n\n<\/style>\n<\/div>\n\n<\/div><\/div><\/div>\n<div class=\"gap-element clearfix\" style=\"display:block; height:auto; padding-top:30px\"><\/div>\n\n<div class=\"container section-title-container\" style=\"margin-bottom:0px;\"><h3 class=\"section-title section-title-center\"><b><\/b><span class=\"section-title-main\" style=\"font-size:90%;\">Arbeiten bei Liquid Director<\/span><b><\/b><\/h3><\/div><!-- .section-title -->\n\n<p>Der Liquid Director Gin Club ist deutschlands gr\u00f6\u00dftes Gin-Abo &#8211; wir senden jeden Monat eine kuratierte Gin-Box mit einer besonderen Flasche Gin, den passenden Fillers, ein Booklet mit Hintergrundinformationen &amp; leckeren Cocktailkreationen sowie weiteren K\u00f6stlichkeiten &amp; \u00dcberraschungen an unsere Club-Mitglieder. Au\u00dferdem bieten wir f\u00fcr <a href=\"https:\/\/www.liquiddirectorclub.com\/ginguide\/virtuelles-gin-tasting\/\">Firmen virtuelle Gin-Events<\/a> an und haben einen <a href=\"https:\/\/www.liquiddirectorclub.com\/gin-adventskalender\/\">Gin Adventskalender<\/a> mit Tonic Water und Snacks kreiert.<\/p>\n<div class=\"container section-title-container\" style=\"margin-bottom:20px;\"><h3 class=\"section-title section-title-center\"><b><\/b><span class=\"section-title-main\" style=\"font-size:90%;\">Offene Stellen<\/span><b><\/b><\/h3><\/div><!-- .section-title -->\n\n<div class=\"row\"  id=\"row-1287872607\">\n\n<div class=\"col small-12 large-12\"  ><div class=\"col-inner text-center\"  >\n\n<p>Wir schreiben alle vakanten Stellen absofort bei Indeed aus und freuen uns auf Eure Bewerbung via Indeed.<\/p>\n<div class=\"gap-element clearfix\" style=\"display:block; height:auto; padding-top:30px\"><\/div>\n\n<a rel=\"noopener noreferrer\" href=\"https:\/\/de.indeed.com\/cmp\/Liquid-Director\/jobs\" target=\"_blank\" class=\"button primary\"  style=\"border-radius:99px;\">\n    <span>OFFENE STELLEN BEI INDEED ANSEHEN<\/span>\n  <\/a>\n\n\n\n<\/div><\/div>\n\n<\/div>\n<h3 class=\"accordion_title\">Initativbewerbung<\/h3><div class=\"accordion\" rel=\"1\">\n\n\n<div class=\"accordion-item\"><a href=\"#\" class=\"accordion-title plain\"><button class=\"toggle\"><i class=\"icon-angle-down\"><\/i><\/button><span>Initiativbewerbung<\/span><\/a><div class=\"accordion-inner\">\n\n<hr class=\"career-page-horizontal-line\">\n<div id=\"job-details\" class=\"detail-content collapse show\">\n<article class=\"detail-content-block detail-content-block-tasks\">\n<h5 class=\"detail-block-title\"><span style=\"font-size: 23.040000915527344px;\">Initiativbewerbung <\/span><span style=\"font-size: 23.040000915527344px;\">(m\/w\/d)&nbsp;<\/span><\/h5>\n<\/article>\n<\/div>\n<p class=\"p1\">Unsolicited applications&nbsp;\u00b7 <strong>M\u00fcnchen \/ Haar&nbsp;<\/strong><\/p>\n<hr class=\"career-page-horizontal-line\">\n<div id=\"job-details\" class=\"detail-content collapse show\">\n<article class=\"detail-content-block detail-content-block-tasks\">\n<p class=\"detail-block-title\">Aktuell keine passende Stelle f\u00fcr dich dabei? Dann lass uns gern deine Initiativbewerbung zukommen!<\/p>\n<\/article>\n<article class=\"detail-content-block detail-content-block-about-us\">\n<div class=\"detail-block-description\">Schreibe uns eine eMail an <a href=\"mailto:mail@liquiddirector.com\">mail@liquiddirector.com<\/a>. Wir freuen uns von Dir zu h\u00f6ren.<\/div>\n<\/article>\n<\/div>\n\n<\/div><\/div>\n\n<\/div>\n<div class=\"gap-element clearfix\" style=\"display:block; height:auto; padding-top:30px\"><\/div>\n\n<div class=\"container section-title-container\" style=\"margin-bottom:1px;\"><h3 class=\"section-title section-title-center\"><b><\/b><span class=\"section-title-main\" style=\"font-size:90%;\">Ansprechpartner<\/span><b><\/b><\/h3><\/div><!-- .section-title -->\n\n<div class=\"row\"  id=\"row-981595246\">\n\n<div class=\"col medium-4 small-12 large-4\"  data-animate=\"fadeInUp\"><div class=\"col-inner\" style=\"padding:0px 0px 0px 0px;\" >\n\n    <div class=\"box has-hover has-hover box-shadow-2 box-text-bottom\" >\n\n                  <div class=\"box-image \" style=\"width:40%;\">\n           <div class=\"box-image-inner image-cover\" style=\"border-radius:100%;padding-top:100%;\">\n              <img fetchpriority=\"high\" decoding=\"async\" width=\"250\" height=\"250\" src=\"https:\/\/www.liquiddirectorclub.com\/ginguide\/wp-content\/uploads\/sites\/5\/2019\/12\/liquid-director-ueber-uns.png\" class=\"attachment- size-\" alt=\"Liquid Director Vorstellung\" \/>                         <\/div>\n          <\/div><!-- box-image -->\n         \n          <div class=\"box-text text-center is-small dark\" style=\"background-color:rgb(198, 170, 146);\">\n                <div class=\"box-text-inner\">\n                  <h4 class=\"uppercase\">\n                    <span class=\"person-name\">Pascal Dulay-Winkler<\/span><br\/>\n                    <span class=\"person-title is-small thin-font op-7\">\n                      Gesch\u00e4ftsf\u00fchrer und Gr\u00fcnder                    <\/span>\n                  <\/h4>\n                 <div class=\"social-icons follow-icons\" ><a href=\"mailto:mail@liquiddirector.com\" data-label=\"E-mail\"  rel=\"nofollow\" class=\"icon button circle is-outline  email tooltip\" title=\"Sende uns eine email\"><i class=\"icon-envelop\" ><\/i><\/a><a href=\"https:\/\/www.linkedin.com\/in\/dulaywinkler\/\" target=\"_blank\" rel=\"noopener noreferrer nofollow\" data-label=\"LinkedIn\" class=\"icon button circle is-outline  linkedin tooltip\" title=\"Follow on LinkedIn\"><i class=\"icon-linkedin\" ><\/i><\/a><\/div>                 \n\n<div class=\"is-divider divider clearfix\" ><\/div><!-- .divider -->\n\n<a href=\"https:\/\/www.liquiddirectorclub.com\/ginguide\/ueber-uns\/\" target=\"_self\" class=\"button white is-outline\"  style=\"border-radius:99px;\">\n    <span>Mehr erfahren<\/span>\n  <\/a>\n\n\n\n                <\/div><!-- box-text-inner -->\n          <\/div><!-- box-text -->\n    <\/div><!-- .box  -->\n\n    \n    \n\n<\/div><\/div>\n<div class=\"col medium-4 small-12 large-4\"  data-animate=\"fadeInUp\"><div class=\"col-inner\" style=\"padding:0px 0px 0px 0px;\" >\n\n\n<\/div><\/div>\n<div class=\"col medium-4 small-12 large-4\"  ><div class=\"col-inner text-right\"  >\n\n\n\t\t<div class=\"icon-box featured-box icon-box-left text-left\"  >\n\t\t\t\t\t<div class=\"icon-box-img\" style=\"width: 60px\">\n\t\t\t\t<div class=\"icon\">\n\t\t\t\t\t<div class=\"icon-inner\" >\n\t\t\t\t\t\t<img decoding=\"async\" width=\"400\" height=\"400\" src=\"https:\/\/www.liquiddirectorclub.com\/ginguide\/wp-content\/uploads\/sites\/5\/2019\/02\/liquid_director_logo-400x400.png\" class=\"attachment-medium size-medium\" alt=\"\" srcset=\"https:\/\/www.liquiddirectorclub.com\/ginguide\/wp-content\/uploads\/sites\/5\/2019\/02\/liquid_director_logo-400x400.png 400w, https:\/\/www.liquiddirectorclub.com\/ginguide\/wp-content\/uploads\/sites\/5\/2019\/02\/liquid_director_logo-280x280.png 280w, https:\/\/www.liquiddirectorclub.com\/ginguide\/wp-content\/uploads\/sites\/5\/2019\/02\/liquid_director_logo-768x768.png 768w, https:\/\/www.liquiddirectorclub.com\/ginguide\/wp-content\/uploads\/sites\/5\/2019\/02\/liquid_director_logo-800x800.png 800w\" sizes=\"(max-width: 400px) 100vw, 400px\" \/>\t\t\t\t\t<\/div>\n\t\t\t\t<\/div>\n\t\t\t<\/div>\n\t\t\t\t<div class=\"icon-box-text last-reset\">\n\t\t\t\t\t\t\t\t\t\n\n<p>Liquid Director GmbH&nbsp;<br \/>Johann-Karg-Str. 2K&nbsp;<br \/>85540 Haar \/ M\u00fcnchen<\/p>\n<p><a href=\"tel:+4989413276780\">089 \u2013 413276780<\/a><br \/>mail@liquiddirector.com<\/p>\n\n\t\t<\/div>\n\t<\/div><!-- .icon-box -->\n\t\n\t\n\n<\/div><\/div>\n\n<\/div>\n\n","protected":false},"excerpt":{"rendered":"<p>Der Liquid Director Gin Club ist deutschlands gr\u00f6\u00dftes Gin-Abo &#8211; wir senden jeden Monat eine kuratierte Gin-Box mit einer besonderen Flasche Gin, den passenden Fillers, ein Booklet mit Hintergrundinformationen &amp; leckeren Cocktailkreationen sowie weiteren K\u00f6stlichkeiten &amp; \u00dcberraschungen an unsere Club-Mitglieder. Au\u00dferdem bieten wir f\u00fcr Firmen virtuelle Gin-Events an und haben einen Gin Adventskalender mit Tonic [&#8230;]\n","protected":false},"author":1396,"featured_media":0,"parent":0,"menu_order":0,"comment_status":"closed","ping_status":"closed","template":"","meta":{"footnotes":""},"class_list":["post-2411","page","type-page","status-publish","hentry"],"yoast_head":"<!-- This site is optimized with the Yoast SEO plugin v27.1.1 - https:\/\/yoast.com\/product\/yoast-seo-wordpress\/ -->\n<title>Jobs - Liquid Director<\/title>\n<meta name=\"description\" content=\"Arbeiten bei Liquid Director. Entdecke unsere Jobangebote, oder bewirb dich einfach initiativ auf unserer Webseite. Jetzt anschauen!\" \/>\n<meta name=\"robots\" content=\"index, follow, max-snippet:-1, max-image-preview:large, max-video-preview:-1\" \/>\n<link rel=\"canonical\" href=\"https:\/\/www.liquiddirectorclub.com\/ginguide\/jobs\/\" \/>\n<meta property=\"og:locale\" content=\"de_DE\" \/>\n<meta property=\"og:type\" content=\"article\" \/>\n<meta property=\"og:title\" content=\"Jobs - Liquid Director\" \/>\n<meta property=\"og:description\" content=\"Arbeiten bei Liquid Director. Entdecke unsere Jobangebote, oder bewirb dich einfach initiativ auf unserer Webseite. Jetzt anschauen!\" \/>\n<meta property=\"og:url\" content=\"https:\/\/www.liquiddirectorclub.com\/ginguide\/jobs\/\" \/>\n<meta property=\"og:site_name\" content=\"Liquid Director Gin Guide\" \/>\n<meta property=\"article:modified_time\" content=\"2023-11-20T16:36:10+00:00\" \/>\n<meta name=\"twitter:card\" content=\"summary_large_image\" \/>\n<meta name=\"twitter:label1\" content=\"Gesch\u00e4tzte Lesezeit\" \/>\n\t<meta name=\"twitter:data1\" content=\"6\u00a0Minuten\" \/>\n<script type=\"application\/ld+json\" class=\"yoast-schema-graph\">{\"@context\":\"https:\/\/schema.org\",\"@graph\":[{\"@type\":\"WebPage\",\"@id\":\"https:\/\/www.liquiddirectorclub.com\/ginguide\/jobs\/\",\"url\":\"https:\/\/www.liquiddirectorclub.com\/ginguide\/jobs\/\",\"name\":\"Jobs - Liquid Director\",\"isPartOf\":{\"@id\":\"https:\/\/www.liquiddirectorclub.com\/ginguide\/#website\"},\"datePublished\":\"2020-08-05T16:56:15+00:00\",\"dateModified\":\"2023-11-20T16:36:10+00:00\",\"description\":\"Arbeiten bei Liquid Director. Entdecke unsere Jobangebote, oder bewirb dich einfach initiativ auf unserer Webseite. Jetzt anschauen!\",\"breadcrumb\":{\"@id\":\"https:\/\/www.liquiddirectorclub.com\/ginguide\/jobs\/#breadcrumb\"},\"inLanguage\":\"de\",\"potentialAction\":[{\"@type\":\"ReadAction\",\"target\":[\"https:\/\/www.liquiddirectorclub.com\/ginguide\/jobs\/\"]}]},{\"@type\":\"BreadcrumbList\",\"@id\":\"https:\/\/www.liquiddirectorclub.com\/ginguide\/jobs\/#breadcrumb\",\"itemListElement\":[{\"@type\":\"ListItem\",\"position\":1,\"name\":\"Startseite\",\"item\":\"https:\/\/www.liquiddirectorclub.com\/ginguide\/\"},{\"@type\":\"ListItem\",\"position\":2,\"name\":\"Jobs\"}]},{\"@type\":\"WebSite\",\"@id\":\"https:\/\/www.liquiddirectorclub.com\/ginguide\/#website\",\"url\":\"https:\/\/www.liquiddirectorclub.com\/ginguide\/\",\"name\":\"Liquid Director Gin Guide\",\"description\":\"Der Gin Guide von Liquid Director\",\"potentialAction\":[{\"@type\":\"SearchAction\",\"target\":{\"@type\":\"EntryPoint\",\"urlTemplate\":\"https:\/\/www.liquiddirectorclub.com\/ginguide\/?s={search_term_string}\"},\"query-input\":{\"@type\":\"PropertyValueSpecification\",\"valueRequired\":true,\"valueName\":\"search_term_string\"}}],\"inLanguage\":\"de\"}]}<\/script>\n<!-- \/ Yoast SEO plugin. -->","yoast_head_json":{"title":"Jobs - Liquid Director","description":"Arbeiten bei Liquid Director. Entdecke unsere Jobangebote, oder bewirb dich einfach initiativ auf unserer Webseite. Jetzt anschauen!","robots":{"index":"index","follow":"follow","max-snippet":"max-snippet:-1","max-image-preview":"max-image-preview:large","max-video-preview":"max-video-preview:-1"},"canonical":"https:\/\/www.liquiddirectorclub.com\/ginguide\/jobs\/","og_locale":"de_DE","og_type":"article","og_title":"Jobs - Liquid Director","og_description":"Arbeiten bei Liquid Director. Entdecke unsere Jobangebote, oder bewirb dich einfach initiativ auf unserer Webseite. Jetzt anschauen!","og_url":"https:\/\/www.liquiddirectorclub.com\/ginguide\/jobs\/","og_site_name":"Liquid Director Gin Guide","article_modified_time":"2023-11-20T16:36:10+00:00","twitter_card":"summary_large_image","twitter_misc":{"Gesch\u00e4tzte Lesezeit":"6\u00a0Minuten"},"schema":{"@context":"https:\/\/schema.org","@graph":[{"@type":"WebPage","@id":"https:\/\/www.liquiddirectorclub.com\/ginguide\/jobs\/","url":"https:\/\/www.liquiddirectorclub.com\/ginguide\/jobs\/","name":"Jobs - Liquid Director","isPartOf":{"@id":"https:\/\/www.liquiddirectorclub.com\/ginguide\/#website"},"datePublished":"2020-08-05T16:56:15+00:00","dateModified":"2023-11-20T16:36:10+00:00","description":"Arbeiten bei Liquid Director. Entdecke unsere Jobangebote, oder bewirb dich einfach initiativ auf unserer Webseite. Jetzt anschauen!","breadcrumb":{"@id":"https:\/\/www.liquiddirectorclub.com\/ginguide\/jobs\/#breadcrumb"},"inLanguage":"de","potentialAction":[{"@type":"ReadAction","target":["https:\/\/www.liquiddirectorclub.com\/ginguide\/jobs\/"]}]},{"@type":"BreadcrumbList","@id":"https:\/\/www.liquiddirectorclub.com\/ginguide\/jobs\/#breadcrumb","itemListElement":[{"@type":"ListItem","position":1,"name":"Startseite","item":"https:\/\/www.liquiddirectorclub.com\/ginguide\/"},{"@type":"ListItem","position":2,"name":"Jobs"}]},{"@type":"WebSite","@id":"https:\/\/www.liquiddirectorclub.com\/ginguide\/#website","url":"https:\/\/www.liquiddirectorclub.com\/ginguide\/","name":"Liquid Director Gin Guide","description":"Der Gin Guide von Liquid Director","potentialAction":[{"@type":"SearchAction","target":{"@type":"EntryPoint","urlTemplate":"https:\/\/www.liquiddirectorclub.com\/ginguide\/?s={search_term_string}"},"query-input":{"@type":"PropertyValueSpecification","valueRequired":true,"valueName":"search_term_string"}}],"inLanguage":"de"}]}},"_links":{"self":[{"href":"https:\/\/www.liquiddirectorclub.com\/ginguide\/wp-json\/wp\/v2\/pages\/2411","targetHints":{"allow":["GET"]}}],"collection":[{"href":"https:\/\/www.liquiddirectorclub.com\/ginguide\/wp-json\/wp\/v2\/pages"}],"about":[{"href":"https:\/\/www.liquiddirectorclub.com\/ginguide\/wp-json\/wp\/v2\/types\/page"}],"author":[{"embeddable":true,"href":"https:\/\/www.liquiddirectorclub.com\/ginguide\/wp-json\/wp\/v2\/users\/1396"}],"replies":[{"embeddable":true,"href":"https:\/\/www.liquiddirectorclub.com\/ginguide\/wp-json\/wp\/v2\/comments?post=2411"}],"version-history":[{"count":6,"href":"https:\/\/www.liquiddirectorclub.com\/ginguide\/wp-json\/wp\/v2\/pages\/2411\/revisions"}],"predecessor-version":[{"id":7247,"href":"https:\/\/www.liquiddirectorclub.com\/ginguide\/wp-json\/wp\/v2\/pages\/2411\/revisions\/7247"}],"wp:attachment":[{"href":"https:\/\/www.liquiddirectorclub.com\/ginguide\/wp-json\/wp\/v2\/media?parent=2411"}],"curies":[{"name":"wp","href":"https:\/\/api.w.org\/{rel}","templated":true}]}}